{"id":564,"date":"2019-02-14T10:26:25","date_gmt":"2019-02-14T10:26:25","guid":{"rendered":"https:\/\/nzeblab.lneg.pt\/?page_id=564"},"modified":"2019-02-14T12:22:23","modified_gmt":"2019-02-14T12:22:23","slug":"integracao-e-otimizacao","status":"publish","type":"page","link":"https:\/\/nzeblab.lneg.pt\/?page_id=564&lang=pt","title":{"rendered":"Integra\u00e7\u00e3o e Otimiza\u00e7\u00e3o"},"content":{"rendered":"\t\t<div data-elementor-type=\"wp-post\" data-elementor-id=\"564\" class=\"elementor elementor-564 elementor-bc-flex-widget\" data-elementor-settings=\"[]\">\n\t\t\t<div class=\"elementor-inner\">\n\t\t\t\t<div class=\"elementor-section-wrap\">\n\t\t\t\t\t\t\t<section class=\"elementor-element elementor-element-e9aac88 elementor-section-boxed elementor-section-height-default elementor-section-height-default elementor-section elementor-top-section\" data-id=\"e9aac88\" data-element_type=\"section\">\n\t\t\t\t\t\t<div class=\"elementor-container elementor-column-gap-default\">\n\t\t\t\t<div class=\"elementor-row\">\n\t\t\t\t<div class=\"elementor-element elementor-element-20ee41d8 elementor-column elementor-col-33 elementor-top-column\" data-id=\"20ee41d8\" data-element_type=\"column\">\n\t\t\t<div class=\"elementor-column-wrap  elementor-element-populated\">\n\t\t\t\t\t<div class=\"elementor-widget-wrap\">\n\t\t\t\t<div class=\"elementor-element elementor-element-4376d12d elementor-align-justify elementor-widget elementor-widget-button\" data-id=\"4376d12d\" data-element_type=\"widget\" data-widget_type=\"button.default\">\n\t\t\t\t<div class=\"elementor-widget-container\">\n\t\t\t\t\t<div class=\"elementor-button-wrapper\">\n\t\t\t<a href=\"https:\/\/nzeblab.lneg.pt\/?page_id=564&amp;lang=pt\" class=\"elementor-button-link elementor-button elementor-size-md\" role=\"button\">\n\t\t\t\t\t\t<span class=\"elementor-button-content-wrapper\">\n\t\t\t\t\t\t<span class=\"elementor-button-text\">INTEGRA\u00c7\u00c3O E OTIMIZA\u00c7\u00c3O<\/span>\n\t\t<\/span>\n\t\t\t\t\t<\/a>\n\t\t<\/div>\n\t\t\t\t<\/div>\n\t\t\t\t<\/div>\n\t\t\t\t<div class=\"elementor-element elementor-element-32f38703 elementor-align-justify elementor-widget elementor-widget-button\" data-id=\"32f38703\" data-element_type=\"widget\" data-widget_type=\"button.default\">\n\t\t\t\t<div class=\"elementor-widget-container\">\n\t\t\t\t\t<div class=\"elementor-button-wrapper\">\n\t\t\t<a href=\"https:\/\/nzeblab.lneg.pt\/?page_id=566&amp;lang=pt\" class=\"elementor-button-link elementor-button elementor-size-md\" role=\"button\">\n\t\t\t\t\t\t<span class=\"elementor-button-content-wrapper\">\n\t\t\t\t\t\t<span class=\"elementor-button-text\">NOVOS CONCEITOS EM EDIF\u00cdCIOS<\/span>\n\t\t<\/span>\n\t\t\t\t\t<\/a>\n\t\t<\/div>\n\t\t\t\t<\/div>\n\t\t\t\t<\/div>\n\t\t\t\t<div class=\"elementor-element elementor-element-4fa576bc elementor-align-justify elementor-widget elementor-widget-button\" data-id=\"4fa576bc\" data-element_type=\"widget\" data-widget_type=\"button.default\">\n\t\t\t\t<div class=\"elementor-widget-container\">\n\t\t\t\t\t<div class=\"elementor-button-wrapper\">\n\t\t\t<a href=\"https:\/\/nzeblab.lneg.pt\/?page_id=568&amp;lang=pt\" class=\"elementor-button-link elementor-button elementor-size-md\" role=\"button\">\n\t\t\t\t\t\t<span class=\"elementor-button-content-wrapper\">\n\t\t\t\t\t\t<span class=\"elementor-button-text\">TRANSFER\u00caNCIA DE TECNOLOGIA<\/span>\n\t\t<\/span>\n\t\t\t\t\t<\/a>\n\t\t<\/div>\n\t\t\t\t<\/div>\n\t\t\t\t<\/div>\n\t\t\t\t\t\t<\/div>\n\t\t\t<\/div>\n\t\t<\/div>\n\t\t\t\t<div class=\"elementor-element elementor-element-65ad0c1b elementor-column elementor-col-66 elementor-top-column\" data-id=\"65ad0c1b\" data-element_type=\"column\">\n\t\t\t<div class=\"elementor-column-wrap  elementor-element-populated\">\n\t\t\t\t\t<div class=\"elementor-widget-wrap\">\n\t\t\t\t<div class=\"elementor-element elementor-element-242c5dd6 elementor-widget elementor-widget-text-editor\" data-id=\"242c5dd6\" data-element_type=\"widget\" data-widget_type=\"text-editor.default\">\n\t\t\t\t<div class=\"elementor-widget-container\">\n\t\t\t\t\t<div class=\"elementor-text-editor elementor-clearfix\"><\/div>\n\t\t\t\t<\/div>\n\t\t\t\t<\/div>\n\t\t\t\t\t\t<\/div>\n\t\t\t<\/div>\n\t\t<\/div>\n\t\t\t\t\t\t<\/div>\n\t\t\t<\/div>\n\t\t<\/section>\n\t\t\t\t\t\t<\/div>\n\t\t\t<\/div>\n\t\t<\/div>\n\t\t","protected":false},"excerpt":{"rendered":"<p>INTEGRA\u00c7\u00c3O E OTIMIZA\u00c7\u00c3O NOVOS CONCEITOS EM EDIF\u00cdCIOS TRANSFER\u00caNCIA DE TECNOLOGIA<\/p>\n","protected":false},"author":1,"featured_media":0,"parent":562,"menu_order":0,"comment_status":"closed","ping_status":"closed","template":"","meta":{"footnotes":""},"class_list":["post-564","page","type-page","status-publish","hentry","entry"],"_links":{"self":[{"href":"https:\/\/nzeblab.lneg.pt\/index.php?rest_route=\/wp\/v2\/pages\/564","targetHints":{"allow":["GET"]}}],"collection":[{"href":"https:\/\/nzeblab.lneg.pt\/index.php?rest_route=\/wp\/v2\/pages"}],"about":[{"href":"https:\/\/nzeblab.lneg.pt\/index.php?rest_route=\/wp\/v2\/types\/page"}],"author":[{"embeddable":true,"href":"https:\/\/nzeblab.lneg.pt\/index.php?rest_route=\/wp\/v2\/users\/1"}],"replies":[{"embeddable":true,"href":"https:\/\/nzeblab.lneg.pt\/index.php?rest_route=%2Fwp%2Fv2%2Fcomments&post=564"}],"version-history":[{"count":3,"href":"https:\/\/nzeblab.lneg.pt\/index.php?rest_route=\/wp\/v2\/pages\/564\/revisions"}],"predecessor-version":[{"id":597,"href":"https:\/\/nzeblab.lneg.pt\/index.php?rest_route=\/wp\/v2\/pages\/564\/revisions\/597"}],"up":[{"embeddable":true,"href":"https:\/\/nzeblab.lneg.pt\/index.php?rest_route=\/wp\/v2\/pages\/562"}],"wp:attachment":[{"href":"https:\/\/nzeblab.lneg.pt\/index.php?rest_route=%2Fwp%2Fv2%2Fmedia&parent=564"}],"curies":[{"name":"wp","href":"https:\/\/api.w.org\/{rel}","templated":true}]}}