{"id":541,"date":"2019-02-13T17:29:24","date_gmt":"2019-02-13T17:29:24","guid":{"rendered":"https:\/\/nzeblab.lneg.pt\/?page_id=541"},"modified":"2020-04-21T09:41:04","modified_gmt":"2020-04-21T09:41:04","slug":"fotovoltaico","status":"publish","type":"page","link":"https:\/\/nzeblab.lneg.pt\/?page_id=541&lang=pt","title":{"rendered":"Fotovoltaico"},"content":{"rendered":"\t\t<div data-elementor-type=\"wp-post\" data-elementor-id=\"541\" class=\"elementor elementor-541\" data-elementor-settings=\"[]\">\n\t\t\t<div class=\"elementor-inner\">\n\t\t\t\t<div class=\"elementor-section-wrap\">\n\t\t\t\t\t\t\t<section class=\"elementor-element elementor-element-3ace1cb7 elementor-section-boxed elementor-section-height-default elementor-section-height-default elementor-section elementor-top-section\" data-id=\"3ace1cb7\" data-element_type=\"section\">\n\t\t\t\t\t\t<div class=\"elementor-container elementor-column-gap-default\">\n\t\t\t\t<div class=\"elementor-row\">\n\t\t\t\t<div class=\"elementor-element elementor-element-b7ab96b elementor-column elementor-col-33 elementor-top-column\" data-id=\"b7ab96b\" data-element_type=\"column\">\n\t\t\t<div class=\"elementor-column-wrap  elementor-element-populated\">\n\t\t\t\t\t<div class=\"elementor-widget-wrap\">\n\t\t\t\t<div class=\"elementor-element elementor-element-6ac0349b elementor-align-justify elementor-widget elementor-widget-button\" data-id=\"6ac0349b\" data-element_type=\"widget\" data-widget_type=\"button.default\">\n\t\t\t\t<div class=\"elementor-widget-container\">\n\t\t\t\t\t<div class=\"elementor-button-wrapper\">\n\t\t\t<a href=\"https:\/\/nzeblab.lneg.pt\/?page_id=539&amp;lang=pt\" class=\"elementor-button-link elementor-button elementor-size-md\" role=\"button\">\n\t\t\t\t\t\t<span class=\"elementor-button-content-wrapper\">\n\t\t\t\t\t\t<span class=\"elementor-button-text\">INTEGRA\u00c7\u00c3O EM EDIF\u00cdCIOS<\/span>\n\t\t<\/span>\n\t\t\t\t\t<\/a>\n\t\t<\/div>\n\t\t\t\t<\/div>\n\t\t\t\t<\/div>\n\t\t\t\t<div class=\"elementor-element elementor-element-7492a340 elementor-align-justify elementor-widget elementor-widget-button\" data-id=\"7492a340\" data-element_type=\"widget\" data-widget_type=\"button.default\">\n\t\t\t\t<div class=\"elementor-widget-container\">\n\t\t\t\t\t<div class=\"elementor-button-wrapper\">\n\t\t\t<a href=\"https:\/\/nzeblab.lneg.pt\/?page_id=543&amp;lang=pt\" class=\"elementor-button-link elementor-button elementor-size-md\" role=\"button\">\n\t\t\t\t\t\t<span class=\"elementor-button-content-wrapper\">\n\t\t\t\t\t\t<span class=\"elementor-button-text\">SOLAR T\u00c9RMICO<\/span>\n\t\t<\/span>\n\t\t\t\t\t<\/a>\n\t\t<\/div>\n\t\t\t\t<\/div>\n\t\t\t\t<\/div>\n\t\t\t\t<div class=\"elementor-element elementor-element-49a31860 elementor-align-justify elementor-widget elementor-widget-button\" data-id=\"49a31860\" data-element_type=\"widget\" data-widget_type=\"button.default\">\n\t\t\t\t<div class=\"elementor-widget-container\">\n\t\t\t\t\t<div class=\"elementor-button-wrapper\">\n\t\t\t<a href=\"https:\/\/nzeblab.lneg.pt\/?page_id=541&amp;lang=pt\" class=\"elementor-button-link elementor-button elementor-size-md\" role=\"button\">\n\t\t\t\t\t\t<span class=\"elementor-button-content-wrapper\">\n\t\t\t\t\t\t<span class=\"elementor-button-text\">FOTOVOLTAICO<\/span>\n\t\t<\/span>\n\t\t\t\t\t<\/a>\n\t\t<\/div>\n\t\t\t\t<\/div>\n\t\t\t\t<\/div>\n\t\t\t\t<div class=\"elementor-element elementor-element-73985653 elementor-align-justify elementor-widget elementor-widget-button\" data-id=\"73985653\" data-element_type=\"widget\" data-widget_type=\"button.default\">\n\t\t\t\t<div class=\"elementor-widget-container\">\n\t\t\t\t\t<div class=\"elementor-button-wrapper\">\n\t\t\t<a href=\"https:\/\/nzeblab.lneg.pt\/?page_id=534&amp;lang=pt\" class=\"elementor-button-link elementor-button elementor-size-md\" role=\"button\">\n\t\t\t\t\t\t<span class=\"elementor-button-content-wrapper\">\n\t\t\t\t\t\t<span class=\"elementor-button-text\">MATERIAIS<\/span>\n\t\t<\/span>\n\t\t\t\t\t<\/a>\n\t\t<\/div>\n\t\t\t\t<\/div>\n\t\t\t\t<\/div>\n\t\t\t\t\t\t<\/div>\n\t\t\t<\/div>\n\t\t<\/div>\n\t\t\t\t<div class=\"elementor-element elementor-element-164e4d39 elementor-column elementor-col-33 elementor-top-column\" data-id=\"164e4d39\" data-element_type=\"column\">\n\t\t\t<div class=\"elementor-column-wrap  elementor-element-populated\">\n\t\t\t\t\t<div class=\"elementor-widget-wrap\">\n\t\t\t\t<div class=\"elementor-element elementor-element-68b74e4 elementor-widget elementor-widget-text-editor\" data-id=\"68b74e4\" data-element_type=\"widget\" data-widget_type=\"text-editor.default\">\n\t\t\t\t<div class=\"elementor-widget-container\">\n\t\t\t\t\t<div class=\"elementor-text-editor elementor-clearfix\"><p>O NZEB_LAB apoia as partes interessadas assegurando servi\u00e7os relativos aos M\u00f3dulos Fotovoltaicos:<\/p><ul><li><a href=\"https:\/\/nzeblab.lneg.pt\/wp-content\/uploads\/2019\/02\/Test-of-PV-modules-under-on-site-natural-conditions.pdf\">Ensaio in situ de m\u00f3dulos PV em condi\u00e7\u00f5es naturais\u00a0<\/a><\/li><li><\/li><li><a href=\"https:\/\/nzeblab.lneg.pt\/wp-content\/uploads\/2019\/02\/Test-of-PV-different-technologies-of-modules-under-on-site-natural-conditions.pdf\">Ensaio in situ de diferentes tecnologias de m\u00f3dulos PV em condi\u00e7\u00f5es naturais<\/a><\/li><\/ul><\/div>\n\t\t\t\t<\/div>\n\t\t\t\t<\/div>\n\t\t\t\t\t\t<\/div>\n\t\t\t<\/div>\n\t\t<\/div>\n\t\t\t\t<div class=\"elementor-element elementor-element-43ef3cd elementor-column elementor-col-33 elementor-top-column\" data-id=\"43ef3cd\" data-element_type=\"column\">\n\t\t\t<div class=\"elementor-column-wrap  elementor-element-populated\">\n\t\t\t\t\t<div class=\"elementor-widget-wrap\">\n\t\t\t\t<div class=\"elementor-element elementor-element-b53833d elementor-widget elementor-widget-text-editor\" data-id=\"b53833d\" data-element_type=\"widget\" data-widget_type=\"text-editor.default\">\n\t\t\t\t<div class=\"elementor-widget-container\">\n\t\t\t\t\t<div class=\"elementor-text-editor elementor-clearfix\"><\/div>\n\t\t\t\t<\/div>\n\t\t\t\t<\/div>\n\t\t\t\t<div class=\"elementor-element elementor-element-58c9ffd elementor-widget elementor-widget-text-editor\" data-id=\"58c9ffd\" data-element_type=\"widget\" data-widget_type=\"text-editor.default\">\n\t\t\t\t<div class=\"elementor-widget-container\">\n\t\t\t\t\t<div class=\"elementor-text-editor elementor-clearfix\"><p>O NZEB_LAB apoia as partes interessadas assegurando servi\u00e7os relativos aos Colectores Solares T\u00e9rmicos:<\/p><ul><li><a href=\"https:\/\/nzeblab.lneg.pt\/wp-content\/uploads\/2019\/02\/Optical-Properties-of-Mirrors.pdf\">Optical characterization of mirrors\/reflectors<\/a><\/li><li><a href=\"https:\/\/nzeblab.lneg.pt\/wp-content\/uploads\/2019\/02\/Thermal-Performance-Testing-Collectors.pdf\">Thermal Performance Testing of Collectors<\/a><\/li><li><a href=\"https:\/\/nzeblab.lneg.pt\/wp-content\/uploads\/2019\/02\/Thermal-Performance-Testing-Tanks.pdf\">Thermal Performance Testing of Solar Hot Water Tanks<\/a><\/li><\/ul><\/div>\n\t\t\t\t<\/div>\n\t\t\t\t<\/div>\n\t\t\t\t\t\t<\/div>\n\t\t\t<\/div>\n\t\t<\/div>\n\t\t\t\t\t\t<\/div>\n\t\t\t<\/div>\n\t\t<\/section>\n\t\t\t\t\t\t<\/div>\n\t\t\t<\/div>\n\t\t<\/div>\n\t\t","protected":false},"excerpt":{"rendered":"<p>INTEGRA\u00c7\u00c3O EM EDIF\u00cdCIOS SOLAR T\u00c9RMICO FOTOVOLTAICO MATERIAIS O NZEB_LAB apoia as partes interessadas assegurando servi\u00e7os relativos aos M\u00f3dulos Fotovoltaicos: Ensaio in situ de m\u00f3dulos PV em condi\u00e7\u00f5es naturais\u00a0 Ensaio in situ de diferentes tecnologias de m\u00f3dulos PV em condi\u00e7\u00f5es naturais O NZEB_LAB apoia as partes interessadas assegurando servi\u00e7os relativos aos Colectores Solares T\u00e9rmicos: Optical characterization [&hellip;]<\/p>\n","protected":false},"author":1,"featured_media":0,"parent":536,"menu_order":0,"comment_status":"closed","ping_status":"closed","template":"","meta":{"footnotes":""},"class_list":["post-541","page","type-page","status-publish","hentry","entry"],"_links":{"self":[{"href":"https:\/\/nzeblab.lneg.pt\/index.php?rest_route=\/wp\/v2\/pages\/541","targetHints":{"allow":["GET"]}}],"collection":[{"href":"https:\/\/nzeblab.lneg.pt\/index.php?rest_route=\/wp\/v2\/pages"}],"about":[{"href":"https:\/\/nzeblab.lneg.pt\/index.php?rest_route=\/wp\/v2\/types\/page"}],"author":[{"embeddable":true,"href":"https:\/\/nzeblab.lneg.pt\/index.php?rest_route=\/wp\/v2\/users\/1"}],"replies":[{"embeddable":true,"href":"https:\/\/nzeblab.lneg.pt\/index.php?rest_route=%2Fwp%2Fv2%2Fcomments&post=541"}],"version-history":[{"count":3,"href":"https:\/\/nzeblab.lneg.pt\/index.php?rest_route=\/wp\/v2\/pages\/541\/revisions"}],"predecessor-version":[{"id":761,"href":"https:\/\/nzeblab.lneg.pt\/index.php?rest_route=\/wp\/v2\/pages\/541\/revisions\/761"}],"up":[{"embeddable":true,"href":"https:\/\/nzeblab.lneg.pt\/index.php?rest_route=\/wp\/v2\/pages\/536"}],"wp:attachment":[{"href":"https:\/\/nzeblab.lneg.pt\/index.php?rest_route=%2Fwp%2Fv2%2Fmedia&parent=541"}],"curies":[{"name":"wp","href":"https:\/\/api.w.org\/{rel}","templated":true}]}}