{"id":534,"date":"2019-02-13T17:19:55","date_gmt":"2019-02-13T17:19:55","guid":{"rendered":"https:\/\/nzeblab.lneg.pt\/?page_id=534"},"modified":"2020-04-21T09:37:42","modified_gmt":"2020-04-21T09:37:42","slug":"materiais","status":"publish","type":"page","link":"https:\/\/nzeblab.lneg.pt\/?page_id=534&lang=pt","title":{"rendered":"Materiais"},"content":{"rendered":"\t\t<div data-elementor-type=\"wp-post\" data-elementor-id=\"534\" class=\"elementor elementor-534\" data-elementor-settings=\"[]\">\n\t\t\t<div class=\"elementor-inner\">\n\t\t\t\t<div class=\"elementor-section-wrap\">\n\t\t\t\t\t\t\t<section class=\"elementor-element elementor-element-7a1011a1 elementor-section-boxed elementor-section-height-default elementor-section-height-default elementor-section elementor-top-section\" data-id=\"7a1011a1\" data-element_type=\"section\">\n\t\t\t\t\t\t<div class=\"elementor-container elementor-column-gap-default\">\n\t\t\t\t<div class=\"elementor-row\">\n\t\t\t\t<div class=\"elementor-element elementor-element-6cbf2b75 elementor-column elementor-col-33 elementor-top-column\" data-id=\"6cbf2b75\" data-element_type=\"column\">\n\t\t\t<div class=\"elementor-column-wrap  elementor-element-populated\">\n\t\t\t\t\t<div class=\"elementor-widget-wrap\">\n\t\t\t\t<div class=\"elementor-element elementor-element-7d851a78 elementor-align-justify elementor-widget elementor-widget-button\" data-id=\"7d851a78\" data-element_type=\"widget\" data-widget_type=\"button.default\">\n\t\t\t\t<div class=\"elementor-widget-container\">\n\t\t\t\t\t<div class=\"elementor-button-wrapper\">\n\t\t\t<a href=\"https:\/\/nzeblab.lneg.pt\/?page_id=539&amp;lang=pt\" class=\"elementor-button-link elementor-button elementor-size-md\" role=\"button\">\n\t\t\t\t\t\t<span class=\"elementor-button-content-wrapper\">\n\t\t\t\t\t\t<span class=\"elementor-button-text\">INTEGRA\u00c7\u00c3O EM EDIF\u00cdCIOS<\/span>\n\t\t<\/span>\n\t\t\t\t\t<\/a>\n\t\t<\/div>\n\t\t\t\t<\/div>\n\t\t\t\t<\/div>\n\t\t\t\t<div class=\"elementor-element elementor-element-6e8956d7 elementor-align-justify elementor-widget elementor-widget-button\" data-id=\"6e8956d7\" data-element_type=\"widget\" data-widget_type=\"button.default\">\n\t\t\t\t<div class=\"elementor-widget-container\">\n\t\t\t\t\t<div class=\"elementor-button-wrapper\">\n\t\t\t<a href=\"https:\/\/nzeblab.lneg.pt\/?page_id=543&amp;lang=pt\" class=\"elementor-button-link elementor-button elementor-size-md\" role=\"button\">\n\t\t\t\t\t\t<span class=\"elementor-button-content-wrapper\">\n\t\t\t\t\t\t<span class=\"elementor-button-text\">SOLAR T\u00c9RMICO<\/span>\n\t\t<\/span>\n\t\t\t\t\t<\/a>\n\t\t<\/div>\n\t\t\t\t<\/div>\n\t\t\t\t<\/div>\n\t\t\t\t<div class=\"elementor-element elementor-element-2c8481e8 elementor-align-justify elementor-widget elementor-widget-button\" data-id=\"2c8481e8\" data-element_type=\"widget\" data-widget_type=\"button.default\">\n\t\t\t\t<div class=\"elementor-widget-container\">\n\t\t\t\t\t<div class=\"elementor-button-wrapper\">\n\t\t\t<a href=\"https:\/\/nzeblab.lneg.pt\/?page_id=541&amp;lang=pt\" class=\"elementor-button-link elementor-button elementor-size-md\" role=\"button\">\n\t\t\t\t\t\t<span class=\"elementor-button-content-wrapper\">\n\t\t\t\t\t\t<span class=\"elementor-button-text\">FOTOVOLTAICO<\/span>\n\t\t<\/span>\n\t\t\t\t\t<\/a>\n\t\t<\/div>\n\t\t\t\t<\/div>\n\t\t\t\t<\/div>\n\t\t\t\t<div class=\"elementor-element elementor-element-66b27fb2 elementor-align-justify elementor-widget elementor-widget-button\" data-id=\"66b27fb2\" data-element_type=\"widget\" data-widget_type=\"button.default\">\n\t\t\t\t<div class=\"elementor-widget-container\">\n\t\t\t\t\t<div class=\"elementor-button-wrapper\">\n\t\t\t<a href=\"https:\/\/nzeblab.lneg.pt\/?page_id=534&amp;lang=pt\" class=\"elementor-button-link elementor-button elementor-size-md\" role=\"button\">\n\t\t\t\t\t\t<span class=\"elementor-button-content-wrapper\">\n\t\t\t\t\t\t<span class=\"elementor-button-text\">MATERIAIS<\/span>\n\t\t<\/span>\n\t\t\t\t\t<\/a>\n\t\t<\/div>\n\t\t\t\t<\/div>\n\t\t\t\t<\/div>\n\t\t\t\t\t\t<\/div>\n\t\t\t<\/div>\n\t\t<\/div>\n\t\t\t\t<div class=\"elementor-element elementor-element-7c369c24 elementor-column elementor-col-33 elementor-top-column\" data-id=\"7c369c24\" data-element_type=\"column\">\n\t\t\t<div class=\"elementor-column-wrap  elementor-element-populated\">\n\t\t\t\t\t<div class=\"elementor-widget-wrap\">\n\t\t\t\t<div class=\"elementor-element elementor-element-0cbd8f0 elementor-widget elementor-widget-text-editor\" data-id=\"0cbd8f0\" data-element_type=\"widget\" data-widget_type=\"text-editor.default\">\n\t\t\t\t<div class=\"elementor-widget-container\">\n\t\t\t\t\t<div class=\"elementor-text-editor elementor-clearfix\"><p>O NZEB_LAB apoia as partes interessadas, assegurando servi\u00e7os em Materiais:<\/p><ul><li><a href=\"https:\/\/nzeblab.lneg.pt\/wp-content\/uploads\/2019\/02\/LMR-Durability-of-materials-under-artificial-aging-tests.pdf\">Ensaio de durabilidade de materiais e revestimentos em condi\u00e7\u00f5es de envelhecimento acelerado<\/a><\/li><li><a href=\"https:\/\/nzeblab.lneg.pt\/wp-content\/uploads\/2019\/02\/LMR-Durability-of-materials-under-natural-exposure.pdf\">Ensaio de durabilidade de materiais e revestimentos em condi\u00e7\u00f5es de envelhecimento natural (atmosferas com diferentes corrosividades)<\/a><\/li><li><a href=\"https:\/\/nzeblab.lneg.pt\/wp-content\/uploads\/2019\/02\/LMR-Characterization-of-materials.pdf\">Caracteriza\u00e7\u00e3o de Materiais e Revestimentos<\/a><\/li><\/ul><\/div>\n\t\t\t\t<\/div>\n\t\t\t\t<\/div>\n\t\t\t\t\t\t<\/div>\n\t\t\t<\/div>\n\t\t<\/div>\n\t\t\t\t<div class=\"elementor-element elementor-element-24255826 elementor-column elementor-col-33 elementor-top-column\" data-id=\"24255826\" data-element_type=\"column\">\n\t\t\t<div class=\"elementor-column-wrap  elementor-element-populated\">\n\t\t\t\t\t<div class=\"elementor-widget-wrap\">\n\t\t\t\t<div class=\"elementor-element elementor-element-6d9c5a05 elementor-widget elementor-widget-text-editor\" data-id=\"6d9c5a05\" data-element_type=\"widget\" data-widget_type=\"text-editor.default\">\n\t\t\t\t<div class=\"elementor-widget-container\">\n\t\t\t\t\t<div class=\"elementor-text-editor elementor-clearfix\"><\/div>\n\t\t\t\t<\/div>\n\t\t\t\t<\/div>\n\t\t\t\t\t\t<\/div>\n\t\t\t<\/div>\n\t\t<\/div>\n\t\t\t\t\t\t<\/div>\n\t\t\t<\/div>\n\t\t<\/section>\n\t\t\t\t\t\t<\/div>\n\t\t\t<\/div>\n\t\t<\/div>\n\t\t","protected":false},"excerpt":{"rendered":"<p>INTEGRA\u00c7\u00c3O EM EDIF\u00cdCIOS SOLAR T\u00c9RMICO FOTOVOLTAICO MATERIAIS O NZEB_LAB apoia as partes interessadas, assegurando servi\u00e7os em Materiais: Ensaio de durabilidade de materiais e revestimentos em condi\u00e7\u00f5es de envelhecimento acelerado Ensaio de durabilidade de materiais e revestimentos em condi\u00e7\u00f5es de envelhecimento natural (atmosferas com diferentes corrosividades) Caracteriza\u00e7\u00e3o de Materiais e Revestimentos<\/p>\n","protected":false},"author":1,"featured_media":0,"parent":536,"menu_order":0,"comment_status":"closed","ping_status":"closed","template":"","meta":{"footnotes":""},"class_list":["post-534","page","type-page","status-publish","hentry","entry"],"_links":{"self":[{"href":"https:\/\/nzeblab.lneg.pt\/index.php?rest_route=\/wp\/v2\/pages\/534","targetHints":{"allow":["GET"]}}],"collection":[{"href":"https:\/\/nzeblab.lneg.pt\/index.php?rest_route=\/wp\/v2\/pages"}],"about":[{"href":"https:\/\/nzeblab.lneg.pt\/index.php?rest_route=\/wp\/v2\/types\/page"}],"author":[{"embeddable":true,"href":"https:\/\/nzeblab.lneg.pt\/index.php?rest_route=\/wp\/v2\/users\/1"}],"replies":[{"embeddable":true,"href":"https:\/\/nzeblab.lneg.pt\/index.php?rest_route=%2Fwp%2Fv2%2Fcomments&post=534"}],"version-history":[{"count":3,"href":"https:\/\/nzeblab.lneg.pt\/index.php?rest_route=\/wp\/v2\/pages\/534\/revisions"}],"predecessor-version":[{"id":760,"href":"https:\/\/nzeblab.lneg.pt\/index.php?rest_route=\/wp\/v2\/pages\/534\/revisions\/760"}],"up":[{"embeddable":true,"href":"https:\/\/nzeblab.lneg.pt\/index.php?rest_route=\/wp\/v2\/pages\/536"}],"wp:attachment":[{"href":"https:\/\/nzeblab.lneg.pt\/index.php?rest_route=%2Fwp%2Fv2%2Fmedia&parent=534"}],"curies":[{"name":"wp","href":"https:\/\/api.w.org\/{rel}","templated":true}]}}